{"id":300,"date":"2024-08-23T09:50:02","date_gmt":"2024-08-23T12:50:02","guid":{"rendered":"https:\/\/dafesta.com.br\/?page_id=300"},"modified":"2024-09-03T21:04:55","modified_gmt":"2024-09-04T00:04:55","slug":"representante","status":"publish","type":"page","link":"http:\/\/dafesta.com.br\/?page_id=300","title":{"rendered":"Representante"},"content":{"rendered":"\t\t<div data-elementor-type=\"wp-page\" data-elementor-id=\"300\" class=\"elementor elementor-300\" data-elementor-post-type=\"page\">\n\t\t\t\t<div class=\"elementor-element elementor-element-1458a84 e-con-full e-flex e-con e-parent\" data-id=\"1458a84\" data-element_type=\"container\">\n\t\t<div class=\"elementor-element elementor-element-389f4d6 e-con-full e-flex e-con e-child\" data-id=\"389f4d6\" data-element_type=\"container\" data-settings=\"{&quot;background_background&quot;:&quot;classic&quot;,&quot;shape_divider_bottom&quot;:&quot;wave-brush&quot;}\">\n\t\t\t\t<div class=\"elementor-shape elementor-shape-bottom\" aria-hidden=\"true\" data-negative=\"false\">\n\t\t\t<svg xmlns=\"http:\/\/www.w3.org\/2000\/svg\" viewBox=\"0 0 283.5 27.8\" preserveAspectRatio=\"none\">\n\t<path class=\"elementor-shape-fill\" d=\"M283.5,9.7c0,0-7.3,4.3-14,4.6c-6.8,0.3-12.6,0-20.9-1.5c-11.3-2-33.1-10.1-44.7-5.7\ts-12.1,4.6-18,7.4c-6.6,3.2-20,9.6-36.6,9.3C131.6,23.5,99.5,7.2,86.3,8c-1.4,0.1-6.6,0.8-10.5,2c-3.8,1.2-9.4,3.8-17,4.7\tc-3.2,0.4-8.3,1.1-14.2,0.9c-1.5-0.1-6.3-0.4-12-1.6c-5.7-1.2-11-3.1-15.8-3.7C6.5,9.2,0,10.8,0,10.8V0h283.5V9.7z M260.8,11.3\tc-0.7-1-2-0.4-4.3-0.4c-2.3,0-6.1-1.2-5.8-1.1c0.3,0.1,3.1,1.5,6,1.9C259.7,12.2,261.4,12.3,260.8,11.3z M242.4,8.6\tc0,0-2.4-0.2-5.6-0.9c-3.2-0.8-10.3-2.8-15.1-3.5c-8.2-1.1-15.8,0-15.1,0.1c0.8,0.1,9.6-0.6,17.6,1.1c3.3,0.7,9.3,2.2,12.4,2.7\tC239.9,8.7,242.4,8.6,242.4,8.6z M185.2,8.5c1.7-0.7-13.3,4.7-18.5,6.1c-2.1,0.6-6.2,1.6-10,2c-3.9,0.4-8.9,0.4-8.8,0.5\tc0,0.2,5.8,0.8,11.2,0c5.4-0.8,5.2-1.1,7.6-1.6C170.5,14.7,183.5,9.2,185.2,8.5z M199.1,6.9c0.2,0-0.8-0.4-4.8,1.1\tc-4,1.5-6.7,3.5-6.9,3.7c-0.2,0.1,3.5-1.8,6.6-3C197,7.5,199,6.9,199.1,6.9z M283,6c-0.1,0.1-1.9,1.1-4.8,2.5s-6.9,2.8-6.7,2.7\tc0.2,0,3.5-0.6,7.4-2.5C282.8,6.8,283.1,5.9,283,6z M31.3,11.6c0.1-0.2-1.9-0.2-4.5-1.2s-5.4-1.6-7.8-2C15,7.6,7.3,8.5,7.7,8.6\tC8,8.7,15.9,8.3,20.2,9.3c2.2,0.5,2.4,0.5,5.7,1.6S31.2,11.9,31.3,11.6z M73,9.2c0.4-0.1,3.5-1.6,8.4-2.6c4.9-1.1,8.9-0.5,8.9-0.8\tc0-0.3-1-0.9-6.2-0.3S72.6,9.3,73,9.2z M71.6,6.7C71.8,6.8,75,5.4,77.3,5c2.3-0.3,1.9-0.5,1.9-0.6c0-0.1-1.1-0.2-2.7,0.2\tC74.8,5.1,71.4,6.6,71.6,6.7z M93.6,4.4c0.1,0.2,3.5,0.8,5.6,1.8c2.1,1,1.8,0.6,1.9,0.5c0.1-0.1-0.8-0.8-2.4-1.3\tC97.1,4.8,93.5,4.2,93.6,4.4z M65.4,11.1c-0.1,0.3,0.3,0.5,1.9-0.2s2.6-1.3,2.2-1.2s-0.9,0.4-2.5,0.8C65.3,10.9,65.5,10.8,65.4,11.1\tz M34.5,12.4c-0.2,0,2.1,0.8,3.3,0.9c1.2,0.1,2,0.1,2-0.2c0-0.3-0.1-0.5-1.6-0.4C36.6,12.8,34.7,12.4,34.5,12.4z M152.2,21.1\tc-0.1,0.1-2.4-0.3-7.5-0.3c-5,0-13.6-2.4-17.2-3.5c-3.6-1.1,10,3.9,16.5,4.1C150.5,21.6,152.3,21,152.2,21.1z\"\/>\n\t<path class=\"elementor-shape-fill\" d=\"M269.6,18c-0.1-0.1-4.6,0.3-7.2,0c-7.3-0.7-17-3.2-16.6-2.9c0.4,0.3,13.7,3.1,17,3.3\tC267.7,18.8,269.7,18,269.6,18z\"\/>\n\t<path class=\"elementor-shape-fill\" d=\"M227.4,9.8c-0.2-0.1-4.5-1-9.5-1.2c-5-0.2-12.7,0.6-12.3,0.5c0.3-0.1,5.9-1.8,13.3-1.2\tS227.6,9.9,227.4,9.8z\"\/>\n\t<path class=\"elementor-shape-fill\" d=\"M204.5,13.4c-0.1-0.1,2-1,3.2-1.1c1.2-0.1,2,0,2,0.3c0,0.3-0.1,0.5-1.6,0.4\tC206.4,12.9,204.6,13.5,204.5,13.4z\"\/>\n\t<path class=\"elementor-shape-fill\" d=\"M201,10.6c0-0.1-4.4,1.2-6.3,2.2c-1.9,0.9-6.2,3.1-6.1,3.1c0.1,0.1,4.2-1.6,6.3-2.6\tS201,10.7,201,10.6z\"\/>\n\t<path class=\"elementor-shape-fill\" d=\"M154.5,26.7c-0.1-0.1-4.6,0.3-7.2,0c-7.3-0.7-17-3.2-16.6-2.9c0.4,0.3,13.7,3.1,17,3.3\tC152.6,27.5,154.6,26.8,154.5,26.7z\"\/>\n\t<path class=\"elementor-shape-fill\" d=\"M41.9,19.3c0,0,1.2-0.3,2.9-0.1c1.7,0.2,5.8,0.9,8.2,0.7c4.2-0.4,7.4-2.7,7-2.6\tc-0.4,0-4.3,2.2-8.6,1.9c-1.8-0.1-5.1-0.5-6.7-0.4S41.9,19.3,41.9,19.3z\"\/>\n\t<path class=\"elementor-shape-fill\" d=\"M75.5,12.6c0.2,0.1,2-0.8,4.3-1.1c2.3-0.2,2.1-0.3,2.1-0.5c0-0.1-1.8-0.4-3.4,0\tC76.9,11.5,75.3,12.5,75.5,12.6z\"\/>\n\t<path class=\"elementor-shape-fill\" d=\"M15.6,13.2c0-0.1,4.3,0,6.7,0.5c2.4,0.5,5,1.9,5,2c0,0.1-2.7-0.8-5.1-1.4\tC19.9,13.7,15.7,13.3,15.6,13.2z\"\/>\n<\/svg>\t\t<\/div>\n\t\t<div class=\"elementor-element elementor-element-069e1d4 e-flex e-con-boxed e-con e-child\" data-id=\"069e1d4\" data-element_type=\"container\">\n\t\t\t\t\t<div class=\"e-con-inner\">\n\t\t\t\t<div class=\"elementor-element elementor-element-4c1066e elementor-widget elementor-widget-heading\" data-id=\"4c1066e\" data-element_type=\"widget\" data-widget_type=\"heading.default\">\n\t\t\t\t<div class=\"elementor-widget-container\">\n\t\t\t\t\t<h2 class=\"elementor-heading-title elementor-size-default\">representantes<\/h2>\t\t\t\t<\/div>\n\t\t\t\t<\/div>\n\t\t\t\t\t<\/div>\n\t\t\t\t<\/div>\n\t\t\t\t<div class=\"elementor-element elementor-element-ff24e02 elementor-widget elementor-widget-text-editor\" data-id=\"ff24e02\" data-element_type=\"widget\" data-widget_type=\"text-editor.default\">\n\t\t\t\t<div class=\"elementor-widget-container\">\n\t\t\t\t\t\t\t\t\t<p style=\"text-align: center;\">Encontre aqui um representante pertinho de voc\u00ea e fa\u00e7a seu pedido.<\/p>\t\t\t\t\t\t\t\t<\/div>\n\t\t\t\t<\/div>\n\t\t\t\t<\/div>\n\t\t\t\t<div class=\"elementor-element elementor-element-8c4f2e4 elementor-widget elementor-widget-shortcode\" data-id=\"8c4f2e4\" data-element_type=\"widget\" data-widget_type=\"shortcode.default\">\n\t\t\t\t<div class=\"elementor-widget-container\">\n\t\t\t\t\t\t\t<div class=\"elementor-shortcode\"> <!-- start Fla-shop.com HTML5 Map --> <div class='freeHtmlMapright htmlMapResponsive' style='max-width:780px; width: 100%'> <div id='map-container-0' class='freeHtmlMapContainer' data-map-variable='map0'><\/div> <link href='http:\/\/dafesta.com.br\/wp-content\/plugins\/html5-maps\/static\/css\/map.css' rel='stylesheet'> <style> body .fm-tooltip { color: #000000; font-size: 20px; } <\/style> <script src='\/\/cdn.html5maps.com\/3d_party\/raphael.min.js'><\/script> <script src='http:\/\/dafesta.com.br\/index.php?freemap_js_data=true&map_id=0&r=75955'><\/script> <script src='\/\/cdn.html5maps.com\/libs\/locator\/2.4.0\/brazil\/map.js'><\/script> <script> var map0 = new FlaMap(map_cfg); map0.drawOnDomReady('map-container-0'); map0.on('click', function(ev, sid, map) { jQuery('#freeHtmlMapStateInfo0').html(''); var link = map.mapConfig.map_data[sid]['link']; if (link == '#info') { var id = map.mapConfig.map_data[sid]['id']; jQuery('#freeHtmlMapStateInfo0').html('Loading...'); jQuery.ajax({ type: 'POST', url: 'http:\/\/dafesta.com.br\/index.php?freemap_get_state_info='+id+'&map_id=0', success: function(data, textStatus, jqXHR){ jQuery('#freeHtmlMapStateInfo0').html(data); }, dataType: 'text' }); } }); <\/script> <div id='freeHtmlMapStateInfo0' class='freeHtmlMapStateInfo'><\/div> <\/div> <div style='clear: both'><\/div> <!-- end HTML5 Map --> <\/div>\n\t\t\t\t\t\t<\/div>\n\t\t\t\t<\/div>\n\t\t<div class=\"elementor-element elementor-element-115593e e-con-full e-flex e-con e-child\" data-id=\"115593e\" data-element_type=\"container\" data-settings=\"{&quot;background_background&quot;:&quot;classic&quot;}\">\n\t\t<div class=\"elementor-element elementor-element-48a1193 e-flex e-con-boxed e-con e-child\" data-id=\"48a1193\" data-element_type=\"container\">\n\t\t\t\t\t<div class=\"e-con-inner\">\n\t\t<div class=\"elementor-element elementor-element-25bb904 e-flex e-con-boxed e-con e-child\" data-id=\"25bb904\" data-element_type=\"container\" data-settings=\"{&quot;background_background&quot;:&quot;classic&quot;}\">\n\t\t\t\t\t<div class=\"e-con-inner\">\n\t\t\t\t<div class=\"elementor-element elementor-element-635ce6f elementor-widget elementor-widget-text-editor\" data-id=\"635ce6f\" data-element_type=\"widget\" data-widget_type=\"text-editor.default\">\n\t\t\t\t<div class=\"elementor-widget-container\">\n\t\t\t\t\t\t\t\t\t<p><strong><span style=\"color: #808080;\">ACRE: Sandro Campos<\/span><\/strong><br \/><span style=\"color: #808080;\">Todo o Estado<\/span><br \/><span style=\"color: #808080;\">Secret\u00e1ria: J\u00e9ssica (69) 9230-5712<\/span><br \/><span style=\"color: #808080;\">(69)3226-9966 \/ (69) 99268-4004\/(69) 99279-8149<\/span><br \/><span style=\"color: #808080;\">scamposrep@gmail.com<\/span><\/p><p><span style=\"color: #808080;\"><strong>AMAZONAS: NPH REPRESENTACOES LTDA &#8211; Pedro Henrique<\/strong><\/span><br \/><span style=\"color: #808080;\">Todo o Estado<\/span><br \/><span style=\"color: #808080;\">(92) 99355-0069<\/span><br \/><span style=\"color: #808080;\">pedro_hvalente@hotmail.com<\/span><\/p><p><strong><span style=\"color: #808080;\">ALAGOAS: Ricardo Pastor dos Santos<\/span><\/strong><br \/><span style=\"color: #808080;\">Todo o Estado<\/span><br \/><span style=\"color: #808080;\">(82) 99927 6861<\/span><br \/><span style=\"color: #808080;\">ricardo.representacoes@outlook.com<\/span><\/p><p><span style=\"color: #808080;\">CEAR\u00c1: Amarildo Coelho Pereira<\/span><br \/><span style=\"color: #808080;\">Todo o Estado<\/span><br \/><span style=\"color: #808080;\">Amarildo (85) 99973-7227\/ Escrit\u00f3rio (85) 3291-4675<\/span><br \/><span style=\"color: #808080;\">comercial@acprep.com.br<\/span><\/p><p><strong><span style=\"color: #808080;\">ESP\u00cdRITO SANTO: Robson Lima Santos \/ Secret\u00e1ria: Isabel<\/span><\/strong><br \/><span style=\"color: #808080;\">Todo o Estado<\/span><br \/><span style=\"color: #808080;\">(28) 3518-3961 \/ (28) 99959-4403<\/span><br \/><span style=\"color: #808080;\">robsonlsantosr10@yahoo.com.br<\/span><\/p><p><strong><span style=\"color: #808080;\">MATO GROSSO DO SUL: CHS da Silva Eireli &#8211; ME \/ Representante : Carlos \/ Secret\u00e1ria: Leni<\/span><\/strong><br \/><span style=\"color: #808080;\">Todo o Estado<\/span><br \/><span style=\"color: #808080;\">(67) 3363-5340 \/ (67) 99905-1828<\/span><br \/><span style=\"color: #808080;\">carlosrepresentantems@gmail.com<\/span><\/p><p><strong><span style=\"color: #808080;\">MATO GROSSO: M &amp; M REPRESENTACOES COMERCIAIS LTDA &#8211; Pedro Magno<\/span><\/strong><br \/><span style=\"color: #808080;\">Todo o Estado<\/span><br \/><span style=\"color: #808080;\">(65) 99977-7411<\/span><br \/><span style=\"color: #808080;\">promovel@terra.com.br<\/span><\/p><p><strong><span style=\"color: #808080;\">MINAS GERAIS: Jos\u00e9 Ant\u00f4nio Rodrigues Muller<\/span><\/strong><br \/><span style=\"color: #808080;\">Todo o Estado (Exceto regi\u00e3o metropolitana de BH e Juiz de Fora)<\/span><br \/><span style=\"color: #808080;\">(31) 99122-8989<\/span><br \/><span style=\"color: #808080;\">zejurepresentacoesltda@gmail.com e jarmmuller@gmail.com<\/span><\/p><p><strong><span style=\"color: #808080;\">MINAS GERAIS: Victor Muller<\/span><\/strong><br \/><strong><span style=\"color: #808080;\">Juiz de Fora\/Santos Dumont<\/span><\/strong><br \/><span style=\"color: #808080;\">(32) 99837-0393<\/span><br \/><span style=\"color: #808080;\">victormuller.dafesta@gmail.com<\/span><\/p><p><strong><span style=\"color: #808080;\">PARA\u00cdBA: Leydiana da Silva<\/span><\/strong><br \/><span style=\"color: #808080;\">Todo o Estado<\/span><br \/><span style=\"color: #808080;\">(83) 98885-7124 \/ (83) 99930-6490<\/span><br \/><span style=\"color: #808080;\">lsvendas10@gmail.com<\/span><\/p><p><strong><span style=\"color: #808080;\">PARAN\u00c1: Colunas Representa\u00e7\u00f5es &#8211; Representantes: Marcos Rog\u00e9rio\/Carlos<\/span><\/strong><br \/><strong><span style=\"color: #808080;\">Todo o Estado &#8211; ( Exceto Ponta Grassa, Campo Largo, Uni\u00e3o da Vitoria, Capanema, Rio Negro)<\/span><\/strong><br \/><span style=\"color: #808080;\">(43) 99974-3160<\/span><br \/><span style=\"color: #808080;\">colunas_br@uol.com.br<\/span><\/p><p><strong><span style=\"color: #808080;\">PARAN\u00c1: Gerson Molinari<\/span><\/strong><br \/><strong><span style=\"color: #808080;\">Ponta Grossa, Campo Largo, Uni\u00e3o da Vitoria, Capanema, Rio Negro<\/span><\/strong><br \/><span style=\"color: #808080;\">(47) 99987-0170<\/span><br \/><span style=\"color: #808080;\">mcmkt1@gmail.com<\/span><\/p><p><strong><span style=\"color: #808080;\">RIO DE JANEIRO: Janete Marilia da Silva \/ S\u00e9rgio\/Tha\u00edsis<\/span><\/strong><br \/><strong><span style=\"color: #808080;\">Grande Rio, Niter\u00f3i e S\u00e3o Gon\u00e7alo<\/span><\/strong><br \/><span style=\"color: #808080;\">(21) 96486-123<\/span><br \/><span style=\"color: #808080;\">sergiodafesta@gmail.com<\/span><\/p><p><strong><span style=\"color: #808080;\">RIO DE JANEIRO: Jos\u00e9 Ant\u00f4nio Rodrigues Muller<\/span><\/strong><br \/><strong><span style=\"color: #808080;\">Regi\u00f5es Sul, Serrana e Norte<\/span><\/strong><br \/><span style=\"color: #808080;\">(31) 99122-8989<\/span><br \/><span style=\"color: #808080;\">zejurepresentacoesltda@gmail.com e ja-muller@bol.com.br<\/span><\/p><p><strong><span style=\"color: #808080;\">S\u00c3O PAULO: Thais de Oliveira Gomes &#8211; ME | Representante: Kaio S. Gomes<\/span><\/strong><br \/><strong><span style=\"color: #808080;\">Thais de Oliveira Gomes &#8211; ME | Representante: Kaio S.Gomes<\/span><\/strong><br \/><span style=\"color: #808080;\">(11) 99374-4351<\/span><br \/><span style=\"color: #808080;\">kaiorepresent@gmail.com<\/span><\/p><p><strong><span style=\"color: #808080;\">S\u00c3O PAULO: Benedito (Beneton)<\/span><\/strong><br \/><span style=\"color: #808080;\">Clientes: Comercial Rizzo e Hatenpel<\/span><br \/><span style=\"color: #808080;\">(11) 98579-7974<\/span><br \/><span style=\"color: #808080;\">benetonvendas@uol.com.br<\/span><\/p><p><strong><span style=\"color: #808080;\">S\u00c3O PAULO: CARVALHO LIMA REP. COM. DE PROD. PARA FESTAS LTDA &#8211; Representante Vitor<\/span><\/strong><br \/><strong><span style=\"color: #808080;\">Baixada Santista e Litoral Paulista, Atibaia, Mogi das Cruzes, Itaquaquecetuba, Suzano, Poa, Bragan\u00e7a Paulista<\/span><\/strong><br \/><span style=\"color: #808080;\">(13) 99708-0777<\/span><br \/><span style=\"color: #808080;\">vhcarvalho.santos07@gmail.com<\/span><\/p><p><strong><span style=\"color: #808080;\">S\u00c3O PAULO: ETEB REPRESENTA\u00c7\u00c3O COMERCIAL LTDA- Representante Elisabete Ferraz<\/span><\/strong><br \/><strong><span style=\"color: #808080;\">A B C PAULISTA<\/span><\/strong><br \/><span style=\"color: #808080;\">(11) 99275-9196<\/span><br \/><span style=\"color: #808080;\">bete-ferraz@hotmail.com<\/span><\/p><p><strong><span style=\"color: #808080;\">S\u00c3O PAULO: C\u00e9sar Ricardo<\/span><\/strong><br \/><strong><span style=\"color: #808080;\">Ribeir\u00e3o Preto(Noroeste de SP)<\/span><\/strong><br \/><span style=\"color: #808080;\">(17) 99736-0989<\/span><br \/><span style=\"color: #808080;\">crcricardo@terra.com.br<\/span><\/p><p><strong><span style=\"color: #808080;\">S\u00c3O PAULO: Ana Paula Girardi<\/span><\/strong><br \/><strong><span style=\"color: #808080;\">Campinas, Indaiatuba, Hortolandia, Sumar\u00e9, Salto, Itu, Itupeva, Jundiai, Itatiba, Americana ,Limeira, Mogi Mirim, Mogi Gua\u00e7u, Artur Nogueira, V\u00e1rzea Paulista, Valinhos, Vinhedo.<\/span><\/strong><br \/><span style=\"color: #808080;\">(11) 98130-5185<\/span><br \/><span style=\"color: #808080;\">gba.rep19@gmail.com<\/span><\/p>\t\t\t\t\t\t\t\t<\/div>\n\t\t\t\t<\/div>\n\t\t\t\t\t<\/div>\n\t\t\t\t<\/div>\n\t\t\t\t\t<\/div>\n\t\t\t\t<\/div>\n\t\t\t\t<\/div>\n\t\t\t\t<\/div>\n\t\t\t\t<\/div>\n\t\t","protected":false},"excerpt":{"rendered":"<p>representantes Encontre aqui um representante pertinho de voc\u00ea e fa\u00e7a seu pedido. ACRE: Sandro CamposTodo o EstadoSecret\u00e1ria: J\u00e9ssica (69) 9230-5712(69)3226-9966 \/ (69) 99268-4004\/(69) 99279-8149scamposrep@gmail.com AMAZONAS: NPH REPRESENTACOES LTDA &#8211; Pedro HenriqueTodo o Estado(92) 99355-0069pedro_hvalente@hotmail.com ALAGOAS: Ricardo Pastor dos SantosTodo o Estado(82) 99927 6861ricardo.representacoes@outlook.com CEAR\u00c1: Amarildo Coelho PereiraTodo o EstadoAmarildo (85) 99973-7227\/ Escrit\u00f3rio (85) 3291-4675comercial@acprep.com.br ESP\u00cdRITO SANTO: Robson Lima Santos \/ [&hellip;]<\/p>\n","protected":false},"author":1,"featured_media":0,"parent":0,"menu_order":0,"comment_status":"closed","ping_status":"closed","template":"elementor_header_footer","meta":{"footnotes":""},"class_list":["post-300","page","type-page","status-publish","hentry"],"_links":{"self":[{"href":"http:\/\/dafesta.com.br\/index.php?rest_route=\/wp\/v2\/pages\/300","targetHints":{"allow":["GET"]}}],"collection":[{"href":"http:\/\/dafesta.com.br\/index.php?rest_route=\/wp\/v2\/pages"}],"about":[{"href":"http:\/\/dafesta.com.br\/index.php?rest_route=\/wp\/v2\/types\/page"}],"author":[{"embeddable":true,"href":"http:\/\/dafesta.com.br\/index.php?rest_route=\/wp\/v2\/users\/1"}],"replies":[{"embeddable":true,"href":"http:\/\/dafesta.com.br\/index.php?rest_route=%2Fwp%2Fv2%2Fcomments&post=300"}],"version-history":[{"count":50,"href":"http:\/\/dafesta.com.br\/index.php?rest_route=\/wp\/v2\/pages\/300\/revisions"}],"predecessor-version":[{"id":2227,"href":"http:\/\/dafesta.com.br\/index.php?rest_route=\/wp\/v2\/pages\/300\/revisions\/2227"}],"wp:attachment":[{"href":"http:\/\/dafesta.com.br\/index.php?rest_route=%2Fwp%2Fv2%2Fmedia&parent=300"}],"curies":[{"name":"wp","href":"https:\/\/api.w.org\/{rel}","templated":true}]}}