{"id":2027,"date":"2025-02-17T11:11:25","date_gmt":"2025-02-17T14:11:25","guid":{"rendered":"https:\/\/dafesta.com.br\/?post_type=product&#038;p=2027"},"modified":"2025-02-17T11:11:25","modified_gmt":"2025-02-17T14:11:25","slug":"celofesta-2","status":"publish","type":"product","link":"http:\/\/dafesta.com.br\/?product=celofesta-2","title":{"rendered":"Celofesta"},"content":{"rendered":"<p><span style=\"color: #000000;\">78,0cm x 90,0cm<br \/>\nC\u00f3digo: 1138 e 1139<br \/>\nPacote com 01 unidade<\/span><\/p>\n<p><span style=\"color: #000000;\">78,0cm x 90,0cm<br \/>\nC\u00f3digo: 1142 e 1143<br \/>\nRolo com 03 unidades<\/span><\/p>\n<p><span style=\"color: #000000;\">78,0cm x 90,0cm<br \/>\nC\u00f3digo: 1134 e 1135<br \/>\nRolo com 50 unidades<\/span><\/p>\n<p>&nbsp;<\/p>\n","protected":false},"excerpt":{"rendered":"<p>78,0cm x 90,0cm C\u00f3digo: 1138 e 1139 Pacote com 01 unidade 78,0cm x 90,0cm C\u00f3digo: 1142 e 1143 Rolo com 03 unidades 78,0cm x 90,0cm C\u00f3digo: 1134 e 1135 Rolo com 50 unidades &nbsp;<\/p>\n","protected":false},"featured_media":2028,"comment_status":"open","ping_status":"closed","template":"","meta":[],"product_brand":[],"product_cat":[15,34],"product_tag":[],"class_list":{"0":"post-2027","1":"product","2":"type-product","3":"status-publish","4":"has-post-thumbnail","6":"product_cat-todos_produtos","7":"product_cat-diversos","9":"first","10":"instock","11":"sold-individually","12":"shipping-taxable","13":"purchasable","14":"product-type-simple"},"_links":{"self":[{"href":"http:\/\/dafesta.com.br\/index.php?rest_route=\/wp\/v2\/product\/2027","targetHints":{"allow":["GET"]}}],"collection":[{"href":"http:\/\/dafesta.com.br\/index.php?rest_route=\/wp\/v2\/product"}],"about":[{"href":"http:\/\/dafesta.com.br\/index.php?rest_route=\/wp\/v2\/types\/product"}],"replies":[{"embeddable":true,"href":"http:\/\/dafesta.com.br\/index.php?rest_route=%2Fwp%2Fv2%2Fcomments&post=2027"}],"wp:featuredmedia":[{"embeddable":true,"href":"http:\/\/dafesta.com.br\/index.php?rest_route=\/wp\/v2\/media\/2028"}],"wp:attachment":[{"href":"http:\/\/dafesta.com.br\/index.php?rest_route=%2Fwp%2Fv2%2Fmedia&parent=2027"}],"wp:term":[{"taxonomy":"product_brand","embeddable":true,"href":"http:\/\/dafesta.com.br\/index.php?rest_route=%2Fwp%2Fv2%2Fproduct_brand&post=2027"},{"taxonomy":"product_cat","embeddable":true,"href":"http:\/\/dafesta.com.br\/index.php?rest_route=%2Fwp%2Fv2%2Fproduct_cat&post=2027"},{"taxonomy":"product_tag","embeddable":true,"href":"http:\/\/dafesta.com.br\/index.php?rest_route=%2Fwp%2Fv2%2Fproduct_tag&post=2027"}],"curies":[{"name":"wp","href":"https:\/\/api.w.org\/{rel}","templated":true}]}}