{"id":2035,"date":"2025-02-17T11:19:08","date_gmt":"2025-02-17T14:19:08","guid":{"rendered":"https:\/\/dafesta.com.br\/?post_type=product&#038;p=2035"},"modified":"2025-02-17T11:19:08","modified_gmt":"2025-02-17T14:19:08","slug":"celofesta-metalizado","status":"publish","type":"product","link":"http:\/\/dafesta.com.br\/?product=celofesta-metalizado","title":{"rendered":"Celofesta Metalizado"},"content":{"rendered":"<p><span style=\"color: #000000;\">69,0cm x 89,0cm<br \/>\nC\u00f3digo: 2352<br \/>\nPacote com 100 unidades<\/span><\/p>\n<p><span style=\"color: #000000;\">69,0cm x 89,0cm<br \/>\nC\u00f3digo: 2378<br \/>\nPacote com 50 unidades<\/span><\/p>\n<p><span style=\"color: #000000;\">69,0cm x 89,0cm<br \/>\nC\u00f3digo: 2351<br \/>\nRolo com 03 unidades<\/span><\/p>\n","protected":false},"excerpt":{"rendered":"<p>69,0cm x 89,0cm C\u00f3digo: 2352 Pacote com 100 unidades 69,0cm x 89,0cm C\u00f3digo: 2378 Pacote com 50 unidades 69,0cm x 89,0cm C\u00f3digo: 2351 Rolo com 03 unidades<\/p>\n","protected":false},"featured_media":2036,"comment_status":"open","ping_status":"closed","template":"","meta":[],"product_brand":[],"product_cat":[15,34],"product_tag":[],"class_list":{"0":"post-2035","1":"product","2":"type-product","3":"status-publish","4":"has-post-thumbnail","6":"product_cat-todos_produtos","7":"product_cat-diversos","9":"first","10":"instock","11":"sold-individually","12":"shipping-taxable","13":"purchasable","14":"product-type-simple"},"_links":{"self":[{"href":"http:\/\/dafesta.com.br\/index.php?rest_route=\/wp\/v2\/product\/2035","targetHints":{"allow":["GET"]}}],"collection":[{"href":"http:\/\/dafesta.com.br\/index.php?rest_route=\/wp\/v2\/product"}],"about":[{"href":"http:\/\/dafesta.com.br\/index.php?rest_route=\/wp\/v2\/types\/product"}],"replies":[{"embeddable":true,"href":"http:\/\/dafesta.com.br\/index.php?rest_route=%2Fwp%2Fv2%2Fcomments&post=2035"}],"wp:featuredmedia":[{"embeddable":true,"href":"http:\/\/dafesta.com.br\/index.php?rest_route=\/wp\/v2\/media\/2036"}],"wp:attachment":[{"href":"http:\/\/dafesta.com.br\/index.php?rest_route=%2Fwp%2Fv2%2Fmedia&parent=2035"}],"wp:term":[{"taxonomy":"product_brand","embeddable":true,"href":"http:\/\/dafesta.com.br\/index.php?rest_route=%2Fwp%2Fv2%2Fproduct_brand&post=2035"},{"taxonomy":"product_cat","embeddable":true,"href":"http:\/\/dafesta.com.br\/index.php?rest_route=%2Fwp%2Fv2%2Fproduct_cat&post=2035"},{"taxonomy":"product_tag","embeddable":true,"href":"http:\/\/dafesta.com.br\/index.php?rest_route=%2Fwp%2Fv2%2Fproduct_tag&post=2035"}],"curies":[{"name":"wp","href":"https:\/\/api.w.org\/{rel}","templated":true}]}}