{"id":2103,"date":"2025-02-17T14:29:20","date_gmt":"2025-02-17T17:29:20","guid":{"rendered":"https:\/\/dafesta.com.br\/?post_type=product&#038;p=2103"},"modified":"2025-02-17T14:29:20","modified_gmt":"2025-02-17T17:29:20","slug":"papel-laminado","status":"publish","type":"product","link":"http:\/\/dafesta.com.br\/?product=papel-laminado","title":{"rendered":"Papel Laminado"},"content":{"rendered":"<p><span style=\"color: #000000;\">40,0cm x 60,0cm<br \/>\n<span style=\"color: #000000;\">C\u00f3digo: 2374<br \/>\n<span style=\"color: #000000;\">Pacote com 40 unidades<\/span><\/span><\/span><\/p>\n<p><span style=\"color: #000000;\">40,0cm x 60,0cm<br \/>\nC\u00f3digo: 2373<br \/>\nRolo com 01 unidade<\/span><\/p>\n<p><span style=\"color: #000000;\">40,0cm x 60,0cm<br \/>\nC\u00f3digo: 2376<br \/>\nPacote com 100 unidades<\/span><\/p>\n","protected":false},"excerpt":{"rendered":"<p>40,0cm x 60,0cm C\u00f3digo: 2374 Pacote com 40 unidades 40,0cm x 60,0cm C\u00f3digo: 2373 Rolo com 01 unidade 40,0cm x 60,0cm C\u00f3digo: 2376 Pacote com 100 unidades<\/p>\n","protected":false},"featured_media":2104,"comment_status":"open","ping_status":"closed","template":"","meta":[],"product_brand":[],"product_cat":[15,34],"product_tag":[],"class_list":{"0":"post-2103","1":"product","2":"type-product","3":"status-publish","4":"has-post-thumbnail","6":"product_cat-todos_produtos","7":"product_cat-diversos","9":"first","10":"instock","11":"sold-individually","12":"shipping-taxable","13":"purchasable","14":"product-type-simple"},"_links":{"self":[{"href":"http:\/\/dafesta.com.br\/index.php?rest_route=\/wp\/v2\/product\/2103","targetHints":{"allow":["GET"]}}],"collection":[{"href":"http:\/\/dafesta.com.br\/index.php?rest_route=\/wp\/v2\/product"}],"about":[{"href":"http:\/\/dafesta.com.br\/index.php?rest_route=\/wp\/v2\/types\/product"}],"replies":[{"embeddable":true,"href":"http:\/\/dafesta.com.br\/index.php?rest_route=%2Fwp%2Fv2%2Fcomments&post=2103"}],"wp:featuredmedia":[{"embeddable":true,"href":"http:\/\/dafesta.com.br\/index.php?rest_route=\/wp\/v2\/media\/2104"}],"wp:attachment":[{"href":"http:\/\/dafesta.com.br\/index.php?rest_route=%2Fwp%2Fv2%2Fmedia&parent=2103"}],"wp:term":[{"taxonomy":"product_brand","embeddable":true,"href":"http:\/\/dafesta.com.br\/index.php?rest_route=%2Fwp%2Fv2%2Fproduct_brand&post=2103"},{"taxonomy":"product_cat","embeddable":true,"href":"http:\/\/dafesta.com.br\/index.php?rest_route=%2Fwp%2Fv2%2Fproduct_cat&post=2103"},{"taxonomy":"product_tag","embeddable":true,"href":"http:\/\/dafesta.com.br\/index.php?rest_route=%2Fwp%2Fv2%2Fproduct_tag&post=2103"}],"curies":[{"name":"wp","href":"https:\/\/api.w.org\/{rel}","templated":true}]}}