{"id":2113,"date":"2025-02-17T14:37:20","date_gmt":"2025-02-17T17:37:20","guid":{"rendered":"https:\/\/dafesta.com.br\/?post_type=product&#038;p=2113"},"modified":"2025-02-17T14:37:21","modified_gmt":"2025-02-17T17:37:21","slug":"plastico-pp-para-frios-incolor","status":"publish","type":"product","link":"http:\/\/dafesta.com.br\/?product=plastico-pp-para-frios-incolor","title":{"rendered":"Pl\u00e1stico PP Para Frios Incolor"},"content":{"rendered":"<p><span style=\"color: #000000;\">22,0cm x 25,0cm | Kg<br \/>\nC\u00f3digo: 2213<\/span><\/p>\n<p><span style=\"color: #000000;\">23,0cm x 26,0cm | Kg<br \/>\nC\u00f3digo: 2213<\/span><\/p>\n<p><span style=\"color: #000000;\">25,0cm x 30,0cm | Kg<br \/>\nC\u00f3digo: 2213<\/span><\/p>\n<p><span style=\"color: #000000;\">30,0cm x 40,0cm | Kg<br \/>\nC\u00f3digo: 2213<\/span><\/p>\n","protected":false},"excerpt":{"rendered":"<p>22,0cm x 25,0cm | Kg C\u00f3digo: 2213 23,0cm x 26,0cm | Kg C\u00f3digo: 2213 25,0cm x 30,0cm | Kg C\u00f3digo: 2213 30,0cm x 40,0cm | Kg C\u00f3digo: 2213<\/p>\n","protected":false},"featured_media":0,"comment_status":"open","ping_status":"closed","template":"","meta":[],"product_brand":[],"product_cat":[15,34],"product_tag":[],"class_list":{"0":"post-2113","1":"product","2":"type-product","3":"status-publish","5":"product_cat-todos_produtos","6":"product_cat-diversos","8":"first","9":"instock","10":"sold-individually","11":"shipping-taxable","12":"purchasable","13":"product-type-simple"},"_links":{"self":[{"href":"http:\/\/dafesta.com.br\/index.php?rest_route=\/wp\/v2\/product\/2113","targetHints":{"allow":["GET"]}}],"collection":[{"href":"http:\/\/dafesta.com.br\/index.php?rest_route=\/wp\/v2\/product"}],"about":[{"href":"http:\/\/dafesta.com.br\/index.php?rest_route=\/wp\/v2\/types\/product"}],"replies":[{"embeddable":true,"href":"http:\/\/dafesta.com.br\/index.php?rest_route=%2Fwp%2Fv2%2Fcomments&post=2113"}],"wp:attachment":[{"href":"http:\/\/dafesta.com.br\/index.php?rest_route=%2Fwp%2Fv2%2Fmedia&parent=2113"}],"wp:term":[{"taxonomy":"product_brand","embeddable":true,"href":"http:\/\/dafesta.com.br\/index.php?rest_route=%2Fwp%2Fv2%2Fproduct_brand&post=2113"},{"taxonomy":"product_cat","embeddable":true,"href":"http:\/\/dafesta.com.br\/index.php?rest_route=%2Fwp%2Fv2%2Fproduct_cat&post=2113"},{"taxonomy":"product_tag","embeddable":true,"href":"http:\/\/dafesta.com.br\/index.php?rest_route=%2Fwp%2Fv2%2Fproduct_tag&post=2113"}],"curies":[{"name":"wp","href":"https:\/\/api.w.org\/{rel}","templated":true}]}}